{"id":1009,"date":"2020-04-18T16:27:17","date_gmt":"2020-04-18T16:27:17","guid":{"rendered":"https:\/\/theboxbody.art\/?post_type=product&#038;p=1009"},"modified":"2020-05-12T23:15:21","modified_gmt":"2020-05-12T23:15:21","slug":"lot-labret-glow-in-the-dark-x-6","status":"publish","type":"product","link":"https:\/\/theboxbody.art\/index.php\/produit\/lot-labret-glow-in-the-dark-x-6\/","title":{"rendered":"Labret Glow In The Dark lot x6"},"content":{"rendered":"","protected":false},"excerpt":{"rendered":"<p>D\u00e9couvrez nos bijoux de labret Glow in the Dark ! Laissez les au soleil une journ\u00e9e puis surprenez vos amis en soir\u00e9e avec votre piercing phosphorescent.<\/p>\n","protected":false},"featured_media":0,"template":"","meta":[],"product_brand":[],"product_cat":[53,44],"product_tag":[],"class_list":{"0":"post-1009","1":"product","2":"type-product","3":"status-publish","5":"product_cat-bijoux-de-labret","6":"product_cat-bijoux-de-piercing","8":"first","9":"instock","10":"shipping-taxable","11":"purchasable","12":"product-type-simple"},"exclude_global_add_ons":[],"addons":[],"aioseo_notices":[],"_links":{"self":[{"href":"https:\/\/theboxbody.art\/index.php\/wp-json\/wp\/v2\/product\/1009","targetHints":{"allow":["GET"]}}],"collection":[{"href":"https:\/\/theboxbody.art\/index.php\/wp-json\/wp\/v2\/product"}],"about":[{"href":"https:\/\/theboxbody.art\/index.php\/wp-json\/wp\/v2\/types\/product"}],"version-history":[{"count":4,"href":"https:\/\/theboxbody.art\/index.php\/wp-json\/wp\/v2\/product\/1009\/revisions"}],"predecessor-version":[{"id":1082,"href":"https:\/\/theboxbody.art\/index.php\/wp-json\/wp\/v2\/product\/1009\/revisions\/1082"}],"wp:attachment":[{"href":"https:\/\/theboxbody.art\/index.php\/wp-json\/wp\/v2\/media?parent=1009"}],"wp:term":[{"taxonomy":"product_brand","embeddable":true,"href":"https:\/\/theboxbody.art\/index.php\/wp-json\/wp\/v2\/product_brand?post=1009"},{"taxonomy":"product_cat","embeddable":true,"href":"https:\/\/theboxbody.art\/index.php\/wp-json\/wp\/v2\/product_cat?post=1009"},{"taxonomy":"product_tag","embeddable":true,"href":"https:\/\/theboxbody.art\/index.php\/wp-json\/wp\/v2\/product_tag?post=1009"}],"curies":[{"name":"wp","href":"https:\/\/api.w.org\/{rel}","templated":true}]}}