{"id":1045,"date":"2020-04-18T19:55:08","date_gmt":"2020-04-18T19:55:08","guid":{"rendered":"https:\/\/theboxbody.art\/?post_type=product&#038;p=1045"},"modified":"2020-04-19T01:12:00","modified_gmt":"2020-04-19T01:12:00","slug":"labret-acier-plaque-or-infinity","status":"publish","type":"product","link":"https:\/\/theboxbody.art\/index.php\/produit\/labret-acier-plaque-or-infinity\/","title":{"rendered":"Labret Acier plaqu\u00e9 Or Infinity"},"content":{"rendered":"","protected":false},"excerpt":{"rendered":"<p>Ornez votre bouche de ce piercing en Acier chirurgical plaqu\u00e9 or au motif Infinity serti de zirconium ! Ce bijou est \u00e9galement compatible avec les piercings de Tragus, H\u00e9lix etc.<\/p>\n","protected":false},"featured_media":1046,"template":"","meta":[],"product_brand":[],"product_cat":[53,44],"product_tag":[],"class_list":{"0":"post-1045","1":"product","2":"type-product","3":"status-publish","4":"has-post-thumbnail","6":"product_cat-bijoux-de-labret","7":"product_cat-bijoux-de-piercing","9":"first","10":"instock","11":"shipping-taxable","12":"purchasable","13":"product-type-simple"},"exclude_global_add_ons":[],"addons":[],"aioseo_notices":[],"_links":{"self":[{"href":"https:\/\/theboxbody.art\/index.php\/wp-json\/wp\/v2\/product\/1045","targetHints":{"allow":["GET"]}}],"collection":[{"href":"https:\/\/theboxbody.art\/index.php\/wp-json\/wp\/v2\/product"}],"about":[{"href":"https:\/\/theboxbody.art\/index.php\/wp-json\/wp\/v2\/types\/product"}],"version-history":[{"count":6,"href":"https:\/\/theboxbody.art\/index.php\/wp-json\/wp\/v2\/product\/1045\/revisions"}],"predecessor-version":[{"id":1074,"href":"https:\/\/theboxbody.art\/index.php\/wp-json\/wp\/v2\/product\/1045\/revisions\/1074"}],"wp:featuredmedia":[{"embeddable":true,"href":"https:\/\/theboxbody.art\/index.php\/wp-json\/wp\/v2\/media\/1046"}],"wp:attachment":[{"href":"https:\/\/theboxbody.art\/index.php\/wp-json\/wp\/v2\/media?parent=1045"}],"wp:term":[{"taxonomy":"product_brand","embeddable":true,"href":"https:\/\/theboxbody.art\/index.php\/wp-json\/wp\/v2\/product_brand?post=1045"},{"taxonomy":"product_cat","embeddable":true,"href":"https:\/\/theboxbody.art\/index.php\/wp-json\/wp\/v2\/product_cat?post=1045"},{"taxonomy":"product_tag","embeddable":true,"href":"https:\/\/theboxbody.art\/index.php\/wp-json\/wp\/v2\/product_tag?post=1045"}],"curies":[{"name":"wp","href":"https:\/\/api.w.org\/{rel}","templated":true}]}}