{"id":1114,"date":"2020-04-19T19:28:18","date_gmt":"2020-04-19T19:28:18","guid":{"rendered":"https:\/\/theboxbody.art\/?post_type=product&#038;p=1114"},"modified":"2020-05-12T23:15:10","modified_gmt":"2020-05-12T23:15:10","slug":"tige-de-rechange-bioflex","status":"publish","type":"product","link":"https:\/\/theboxbody.art\/index.php\/produit\/tige-de-rechange-bioflex\/","title":{"rendered":"Tige de rechange Bioflex"},"content":{"rendered":"","protected":false},"excerpt":{"rendered":"<p>Ajustable \u00e0 la taille que vous souhaitez. \u00a0Pour une hygiene parfaite et un plus grand confort pensez \u00e0 changer de tige r\u00e9guli\u00e8rement&#8230;<\/p>\n","protected":false},"featured_media":1115,"template":"","meta":[],"product_brand":[],"product_cat":[53,44],"product_tag":[],"class_list":{"0":"post-1114","1":"product","2":"type-product","3":"status-publish","4":"has-post-thumbnail","6":"product_cat-bijoux-de-labret","7":"product_cat-bijoux-de-piercing","9":"first","10":"instock","11":"shipping-taxable","12":"purchasable","13":"product-type-simple"},"exclude_global_add_ons":[],"addons":[],"aioseo_notices":[],"_links":{"self":[{"href":"https:\/\/theboxbody.art\/index.php\/wp-json\/wp\/v2\/product\/1114","targetHints":{"allow":["GET"]}}],"collection":[{"href":"https:\/\/theboxbody.art\/index.php\/wp-json\/wp\/v2\/product"}],"about":[{"href":"https:\/\/theboxbody.art\/index.php\/wp-json\/wp\/v2\/types\/product"}],"version-history":[{"count":3,"href":"https:\/\/theboxbody.art\/index.php\/wp-json\/wp\/v2\/product\/1114\/revisions"}],"predecessor-version":[{"id":1171,"href":"https:\/\/theboxbody.art\/index.php\/wp-json\/wp\/v2\/product\/1114\/revisions\/1171"}],"wp:featuredmedia":[{"embeddable":true,"href":"https:\/\/theboxbody.art\/index.php\/wp-json\/wp\/v2\/media\/1115"}],"wp:attachment":[{"href":"https:\/\/theboxbody.art\/index.php\/wp-json\/wp\/v2\/media?parent=1114"}],"wp:term":[{"taxonomy":"product_brand","embeddable":true,"href":"https:\/\/theboxbody.art\/index.php\/wp-json\/wp\/v2\/product_brand?post=1114"},{"taxonomy":"product_cat","embeddable":true,"href":"https:\/\/theboxbody.art\/index.php\/wp-json\/wp\/v2\/product_cat?post=1114"},{"taxonomy":"product_tag","embeddable":true,"href":"https:\/\/theboxbody.art\/index.php\/wp-json\/wp\/v2\/product_tag?post=1114"}],"curies":[{"name":"wp","href":"https:\/\/api.w.org\/{rel}","templated":true}]}}