{"id":15,"date":"2019-04-27T17:23:40","date_gmt":"2019-04-27T17:23:40","guid":{"rendered":"https:\/\/theboxbody.art\/?post_type=product&#038;p=15"},"modified":"2021-08-22T16:48:03","modified_gmt":"2021-08-22T16:48:03","slug":"arrhes","status":"publish","type":"product","link":"https:\/\/theboxbody.art\/index.php\/produit\/arrhes\/","title":{"rendered":"Arrhes grande pi\u00e8ce"},"content":{"rendered":"<p>Afin de confirmer votre rendez-vous de tatouage il est n\u00e9cessaire de r\u00e9gler les arrhes en ligne ou sur place minimum 48h avant la date du rendez-vous.<\/p>\n<p><strong>Veuillez renseigner la date de votre rendez-vous dans la partie note lors de la validation de la commande.<\/strong><\/p>\n<p><span style=\"color: #ff0000;\"><strong>Les arrhes ne sont rembours\u00e9es en aucun cas &amp; ne sont pas le prix du tatouage, si vous n&rsquo;avez pas de rendez-vous veuillez ne pas payer d&rsquo;arrhes.<\/strong><\/span><\/p>\n","protected":false},"excerpt":{"rendered":"<p>Afin de confirmer votre rendez-vous de tatouage il est n\u00e9cessaire de r\u00e9gler les arrhes en ligne ou sur place minimum 48h avant la date du rendez-vous.<\/p>\n<p><strong>Veuillez renseigner la date de votre rendez-vous dans la partie note lors de la validation de la commande.<\/strong><\/p>\n<p><span style=\"color: #ff0000;\"><strong>Les arrhes ne sont rembours\u00e9es en aucun cas &amp; ne sont pas le prix du tatouage, si vous n&rsquo;avez pas de rendez-vous veuillez ne pas payer d&rsquo;arrhes.<\/strong><\/span><\/p>\n","protected":false},"featured_media":558,"template":"","meta":[],"product_brand":[],"product_cat":[18,17],"product_tag":[],"class_list":{"0":"post-15","1":"product","2":"type-product","3":"status-publish","4":"has-post-thumbnail","6":"product_cat-arrhes","7":"product_cat-tatouage","9":"first","10":"instock","11":"virtual","12":"purchasable","13":"product-type-simple"},"exclude_global_add_ons":[],"addons":[],"aioseo_notices":[],"_links":{"self":[{"href":"https:\/\/theboxbody.art\/index.php\/wp-json\/wp\/v2\/product\/15","targetHints":{"allow":["GET"]}}],"collection":[{"href":"https:\/\/theboxbody.art\/index.php\/wp-json\/wp\/v2\/product"}],"about":[{"href":"https:\/\/theboxbody.art\/index.php\/wp-json\/wp\/v2\/types\/product"}],"version-history":[{"count":8,"href":"https:\/\/theboxbody.art\/index.php\/wp-json\/wp\/v2\/product\/15\/revisions"}],"predecessor-version":[{"id":47,"href":"https:\/\/theboxbody.art\/index.php\/wp-json\/wp\/v2\/product\/15\/revisions\/47"}],"wp:featuredmedia":[{"embeddable":true,"href":"https:\/\/theboxbody.art\/index.php\/wp-json\/wp\/v2\/media\/558"}],"wp:attachment":[{"href":"https:\/\/theboxbody.art\/index.php\/wp-json\/wp\/v2\/media?parent=15"}],"wp:term":[{"taxonomy":"product_brand","embeddable":true,"href":"https:\/\/theboxbody.art\/index.php\/wp-json\/wp\/v2\/product_brand?post=15"},{"taxonomy":"product_cat","embeddable":true,"href":"https:\/\/theboxbody.art\/index.php\/wp-json\/wp\/v2\/product_cat?post=15"},{"taxonomy":"product_tag","embeddable":true,"href":"https:\/\/theboxbody.art\/index.php\/wp-json\/wp\/v2\/product_tag?post=15"}],"curies":[{"name":"wp","href":"https:\/\/api.w.org\/{rel}","templated":true}]}}