{"id":414,"date":"2019-11-19T15:51:07","date_gmt":"2019-11-19T15:51:07","guid":{"rendered":"https:\/\/theboxbody.art\/?post_type=product&#038;p=414"},"modified":"2021-09-22T16:12:33","modified_gmt":"2021-09-22T16:12:33","slug":"langue","status":"publish","type":"product","link":"https:\/\/theboxbody.art\/index.php\/produit\/langue\/","title":{"rendered":"Langue"},"content":{"rendered":"<p>Aujourd&rsquo;hui tr\u00e8s populaire, le piercing \u00e0 la langue trouve ses origines dans des pratiques religieuses ancestrales. Le piercing classique consiste en un barbell qui traverse verticalement la langue de mani\u00e8re centr\u00e9e, cependant nous proposons \u00e9galement le Venom (2 barbells distinctes) ou encore le sublingual. Vous pouvez \u00e9galement consulter le piercing de surface langue <a href=\"https:\/\/theboxbody.art\/index.php\/produit\/surface\/\" target=\"_blank\" rel=\"noopener noreferrer\">ici.<\/a><\/p>\n","protected":false},"excerpt":{"rendered":"<div class=\"elementor-element elementor-element-8aba0eb elementor-widget elementor-widget-woocommerce-product-short-description\" data-id=\"8aba0eb\" data-element_type=\"widget\" data-widget_type=\"woocommerce-product-short-description.default\">\n<div class=\"elementor-widget-container\">\n<div class=\"woocommerce-product-details__short-description\">\n<div class=\"woocommerce-product-details__short-description\">\n<p>Nous vous proposons diff\u00e9rents piercing \u00e0 la langue sans rendez-vous du Lundi au Samedi \u00e0 The Box Fort-de-France ou Trinit\u00e9.<\/p>\n<p>Ce piercing est r\u00e9alis\u00e9 \u00e0 l\u2019aiguille comme l\u2019int\u00e9gralit\u00e9 de nos prestations. Un bijou m\u00e9dical vous sera pos\u00e9 et devra \u00eatre conserv\u00e9 jusqu\u2019\u00e0 la fin de la cicatrisation.<\/p>\n<\/div>\n<\/div>\n<\/div>\n<\/div>\n","protected":false},"featured_media":490,"template":"","meta":[],"product_brand":[],"product_cat":[27],"product_tag":[],"class_list":{"0":"post-414","1":"product","2":"type-product","3":"status-publish","4":"has-post-thumbnail","6":"product_cat-piercing","8":"first","9":"instock","10":"sold-individually","11":"shipping-taxable","12":"purchasable","13":"product-type-simple"},"exclude_global_add_ons":[],"addons":[],"aioseo_notices":[],"_links":{"self":[{"href":"https:\/\/theboxbody.art\/index.php\/wp-json\/wp\/v2\/product\/414","targetHints":{"allow":["GET"]}}],"collection":[{"href":"https:\/\/theboxbody.art\/index.php\/wp-json\/wp\/v2\/product"}],"about":[{"href":"https:\/\/theboxbody.art\/index.php\/wp-json\/wp\/v2\/types\/product"}],"version-history":[{"count":5,"href":"https:\/\/theboxbody.art\/index.php\/wp-json\/wp\/v2\/product\/414\/revisions"}],"predecessor-version":[{"id":673,"href":"https:\/\/theboxbody.art\/index.php\/wp-json\/wp\/v2\/product\/414\/revisions\/673"}],"wp:featuredmedia":[{"embeddable":true,"href":"https:\/\/theboxbody.art\/index.php\/wp-json\/wp\/v2\/media\/490"}],"wp:attachment":[{"href":"https:\/\/theboxbody.art\/index.php\/wp-json\/wp\/v2\/media?parent=414"}],"wp:term":[{"taxonomy":"product_brand","embeddable":true,"href":"https:\/\/theboxbody.art\/index.php\/wp-json\/wp\/v2\/product_brand?post=414"},{"taxonomy":"product_cat","embeddable":true,"href":"https:\/\/theboxbody.art\/index.php\/wp-json\/wp\/v2\/product_cat?post=414"},{"taxonomy":"product_tag","embeddable":true,"href":"https:\/\/theboxbody.art\/index.php\/wp-json\/wp\/v2\/product_tag?post=414"}],"curies":[{"name":"wp","href":"https:\/\/api.w.org\/{rel}","templated":true}]}}