{"id":416,"date":"2019-11-19T15:51:20","date_gmt":"2019-11-19T15:51:20","guid":{"rendered":"https:\/\/theboxbody.art\/?post_type=product&#038;p=416"},"modified":"2021-09-22T16:14:08","modified_gmt":"2021-09-22T16:14:08","slug":"nombril","status":"publish","type":"product","link":"https:\/\/theboxbody.art\/index.php\/produit\/nombril\/","title":{"rendered":"Nombril"},"content":{"rendered":"<p>Le piercing est l&rsquo;un des plus populaires surtout aupr\u00e8s de la gente f\u00e9minine, cependant il n&rsquo;est pas rare de voir des hommes perc\u00e9s au nombril. Usuellement ce piercing est r\u00e9alis\u00e9 sur la partie sup\u00e9rieure du nombril mais cela d\u00e9pend de la morphologie de celui-ci: le piercing sera plac\u00e9 en haut ou en bas du nombril en fonction de l&rsquo;\u00e9paisseur du replis du nombril. Dans certains cas il est \u00e9galement possible de r\u00e9aliser un piercing en haut et un en bas du nombril.<\/p>\n<p>Les bijoux utilis\u00e9s sont des bananes.<\/p>\n","protected":false},"excerpt":{"rendered":"<p>Nous vous proposons le piercing au nombril sans rendez-vous du Lundi au Samedi \u00e0 The Box Fort-de-France ou Trinit\u00e9.<\/p>\n<p>Ce piercing est r\u00e9alis\u00e9 \u00e0 l\u2019aiguille comme l\u2019int\u00e9gralit\u00e9 de nos prestations.<\/p>\n","protected":false},"featured_media":565,"template":"","meta":[],"product_brand":[],"product_cat":[27],"product_tag":[],"class_list":{"0":"post-416","1":"product","2":"type-product","3":"status-publish","4":"has-post-thumbnail","6":"product_cat-piercing","8":"first","9":"instock","10":"virtual","11":"purchasable","12":"product-type-simple"},"exclude_global_add_ons":true,"addons":[{"name":"Bijoux","type":"checkbox","position":0,"required":false,"title_format":"label","default":"","description_enable":false,"description":"","placeholder_enable":false,"placeholder":"","display":"select","restrictions_type":"any_text","adjust_price":false,"price":"","price_type":"flat_fee","restrictions":false,"min":"0","max":"0","options":[{"label":"6 bijoux","price":"5","price_type":"flat_fee","image":0}]}],"aioseo_notices":[],"_links":{"self":[{"href":"https:\/\/theboxbody.art\/index.php\/wp-json\/wp\/v2\/product\/416","targetHints":{"allow":["GET"]}}],"collection":[{"href":"https:\/\/theboxbody.art\/index.php\/wp-json\/wp\/v2\/product"}],"about":[{"href":"https:\/\/theboxbody.art\/index.php\/wp-json\/wp\/v2\/types\/product"}],"version-history":[{"count":3,"href":"https:\/\/theboxbody.art\/index.php\/wp-json\/wp\/v2\/product\/416\/revisions"}],"predecessor-version":[{"id":848,"href":"https:\/\/theboxbody.art\/index.php\/wp-json\/wp\/v2\/product\/416\/revisions\/848"}],"wp:featuredmedia":[{"embeddable":true,"href":"https:\/\/theboxbody.art\/index.php\/wp-json\/wp\/v2\/media\/565"}],"wp:attachment":[{"href":"https:\/\/theboxbody.art\/index.php\/wp-json\/wp\/v2\/media?parent=416"}],"wp:term":[{"taxonomy":"product_brand","embeddable":true,"href":"https:\/\/theboxbody.art\/index.php\/wp-json\/wp\/v2\/product_brand?post=416"},{"taxonomy":"product_cat","embeddable":true,"href":"https:\/\/theboxbody.art\/index.php\/wp-json\/wp\/v2\/product_cat?post=416"},{"taxonomy":"product_tag","embeddable":true,"href":"https:\/\/theboxbody.art\/index.php\/wp-json\/wp\/v2\/product_tag?post=416"}],"curies":[{"name":"wp","href":"https:\/\/api.w.org\/{rel}","templated":true}]}}