{"id":418,"date":"2019-11-19T15:51:34","date_gmt":"2019-11-19T15:51:34","guid":{"rendered":"https:\/\/theboxbody.art\/?post_type=product&#038;p=418"},"modified":"2021-09-22T16:16:54","modified_gmt":"2021-09-22T16:16:54","slug":"teton","status":"publish","type":"product","link":"https:\/\/theboxbody.art\/index.php\/produit\/teton\/","title":{"rendered":"T\u00e9ton"},"content":{"rendered":"<p>Le piercing au t\u00e9ton est pratiqu\u00e9 depuis plusieurs si\u00e8cles de part le monde dans un but uniquement esth\u00e9tique. Habituellement r\u00e9alis\u00e9 \u00e0 l&rsquo;horizontal, il est n&rsquo;est pas rare de voir des piercings en diagonale, \u00e0 la verticale ou encore deux voir trois piercings sur un seul t\u00e9ton.<\/p>\n<p>Les bijoux de t\u00e9ton son vari\u00e9s en formes et en couleur pour que chacun puisse trouver son style.<\/p>\n","protected":false},"excerpt":{"rendered":"<div class=\"elementor-element elementor-element-8aba0eb elementor-widget elementor-widget-woocommerce-product-short-description\" data-id=\"8aba0eb\">\n<div class=\"elementor-widget-container\">\n<div class=\"woocommerce-product-details__short-description\">\n<p>Nous vous proposons le piercing au t\u00e9ton sans rendez-vous du Lundi au Samedi \u00e0 The Box Fort-de-France ou Trinit\u00e9.<\/p>\n<p>Ce piercing est r\u00e9alis\u00e9 \u00e0 l\u2019aiguille comme l\u2019int\u00e9gralit\u00e9 de nos prestations. Un bijou m\u00e9dical vous sera pos\u00e9 et devra \u00eatre conserv\u00e9 jusqu\u2019au temps de la cicatrisation.<\/p>\n<\/div>\n<\/div>\n<\/div>\n","protected":false},"featured_media":666,"template":"","meta":[],"product_brand":[],"product_cat":[27],"product_tag":[],"class_list":{"0":"post-418","1":"product","2":"type-product","3":"status-publish","4":"has-post-thumbnail","6":"product_cat-piercing","8":"first","9":"instock","10":"virtual","11":"purchasable","12":"product-type-simple"},"exclude_global_add_ons":false,"addons":[{"name":"Bijoux","type":"checkbox","position":0,"required":false,"title_format":"label","default":"","description_enable":false,"description":"Pour 5\u20ac de plus repartez avec 6 bijoux lors de votre acte de piercing !","placeholder_enable":false,"placeholder":"","display":"select","restrictions_type":"any_text","adjust_price":false,"price":"","price_type":"flat_fee","restrictions":false,"min":"0","max":"0","options":[{"label":"6 bijoux","price":"5","price_type":"flat_fee","image":0}]},{"name":"Option","type":"checkbox","position":0,"required":false,"title_format":"label","default":"","description_enable":false,"description":"Remplacez les billes de votre bijou m\u00e9dical par des billes en titane plaqu\u00e9 or !","placeholder_enable":false,"placeholder":"","display":"select","restrictions_type":"any_text","adjust_price":false,"price":"","price_type":"flat_fee","restrictions":false,"min":"0","max":"0","options":[{"label":"Billes Titane-Or","price":"5","price_type":"flat_fee","image":0}]}],"aioseo_notices":[],"_links":{"self":[{"href":"https:\/\/theboxbody.art\/index.php\/wp-json\/wp\/v2\/product\/418","targetHints":{"allow":["GET"]}}],"collection":[{"href":"https:\/\/theboxbody.art\/index.php\/wp-json\/wp\/v2\/product"}],"about":[{"href":"https:\/\/theboxbody.art\/index.php\/wp-json\/wp\/v2\/types\/product"}],"version-history":[{"count":3,"href":"https:\/\/theboxbody.art\/index.php\/wp-json\/wp\/v2\/product\/418\/revisions"}],"predecessor-version":[{"id":670,"href":"https:\/\/theboxbody.art\/index.php\/wp-json\/wp\/v2\/product\/418\/revisions\/670"}],"wp:featuredmedia":[{"embeddable":true,"href":"https:\/\/theboxbody.art\/index.php\/wp-json\/wp\/v2\/media\/666"}],"wp:attachment":[{"href":"https:\/\/theboxbody.art\/index.php\/wp-json\/wp\/v2\/media?parent=418"}],"wp:term":[{"taxonomy":"product_brand","embeddable":true,"href":"https:\/\/theboxbody.art\/index.php\/wp-json\/wp\/v2\/product_brand?post=418"},{"taxonomy":"product_cat","embeddable":true,"href":"https:\/\/theboxbody.art\/index.php\/wp-json\/wp\/v2\/product_cat?post=418"},{"taxonomy":"product_tag","embeddable":true,"href":"https:\/\/theboxbody.art\/index.php\/wp-json\/wp\/v2\/product_tag?post=418"}],"curies":[{"name":"wp","href":"https:\/\/api.w.org\/{rel}","templated":true}]}}