{"id":452,"date":"2020-03-11T15:31:15","date_gmt":"2020-03-11T15:31:15","guid":{"rendered":"https:\/\/theboxbody.art\/?post_type=product&#038;p=452"},"modified":"2022-04-09T17:44:44","modified_gmt":"2022-04-09T17:44:44","slug":"nez","status":"publish","type":"product","link":"https:\/\/theboxbody.art\/index.php\/produit\/nez\/","title":{"rendered":"Nez"},"content":{"rendered":"<p>Le piercing du nez est le deuxi\u00e8me type de piercing le plus courant apr\u00e8s le piercing du lobe de l&rsquo;oreille. Dans nos salons nous r\u00e9alisons les piercings \u00e0 la narine et au septum\u00a0 l&rsquo;aiguille exclusivement.<\/p>\n<p>Le piercing \u00e0 la narine, \u00e0 l&rsquo;histoire ancienne, est culturellement tr\u00e8s r\u00e9pandu et il n&rsquo;est pas rare de le faire par paire voir par 3.\u00a0 bijoux droits, \u00e0 motifs ou anneaux sont r\u00e9guli\u00e8rement utilis\u00e9s pour orner un piercing au nez.<\/p>\n<p>Le piercing au Septum quant \u00e0 lui gagne en popularit\u00e9.Habill\u00e9 la plupart du temps d&rsquo;un fer \u00e0 cheval, le Septum peut \u00e9galement recevoir un anneau ou une barre courb\u00e9e pour plus de discr\u00e9tion.<\/p>\n<p>&nbsp;<\/p>\n","protected":false},"excerpt":{"rendered":"<p>Nous vous proposons le piercing \u00e0 la narine ainsi que le septum sans rendez-vous du Lundi au Samedi \u00e0 The Box Fort-de-France ou Trinit\u00e9.<\/p>\n<p>Ce piercing est r\u00e9alis\u00e9 \u00e0 l&rsquo;aiguille comme l&rsquo;int\u00e9gralit\u00e9 de nos prestations. Un bijou m\u00e9dical vous sera pos\u00e9 et devra \u00eatre conserv\u00e9 jusqu&rsquo;au temps de la cicatrisation.<\/p>\n","protected":false},"featured_media":488,"template":"","meta":[],"product_brand":[],"product_cat":[27],"product_tag":[],"class_list":{"0":"post-452","1":"product","2":"type-product","3":"status-publish","4":"has-post-thumbnail","6":"product_cat-piercing","8":"first","9":"instock","10":"shipping-taxable","11":"purchasable","12":"product-type-variable"},"exclude_global_add_ons":[],"addons":[],"aioseo_notices":[],"_links":{"self":[{"href":"https:\/\/theboxbody.art\/index.php\/wp-json\/wp\/v2\/product\/452","targetHints":{"allow":["GET"]}}],"collection":[{"href":"https:\/\/theboxbody.art\/index.php\/wp-json\/wp\/v2\/product"}],"about":[{"href":"https:\/\/theboxbody.art\/index.php\/wp-json\/wp\/v2\/types\/product"}],"version-history":[{"count":10,"href":"https:\/\/theboxbody.art\/index.php\/wp-json\/wp\/v2\/product\/452\/revisions"}],"predecessor-version":[{"id":2046,"href":"https:\/\/theboxbody.art\/index.php\/wp-json\/wp\/v2\/product\/452\/revisions\/2046"}],"wp:featuredmedia":[{"embeddable":true,"href":"https:\/\/theboxbody.art\/index.php\/wp-json\/wp\/v2\/media\/488"}],"wp:attachment":[{"href":"https:\/\/theboxbody.art\/index.php\/wp-json\/wp\/v2\/media?parent=452"}],"wp:term":[{"taxonomy":"product_brand","embeddable":true,"href":"https:\/\/theboxbody.art\/index.php\/wp-json\/wp\/v2\/product_brand?post=452"},{"taxonomy":"product_cat","embeddable":true,"href":"https:\/\/theboxbody.art\/index.php\/wp-json\/wp\/v2\/product_cat?post=452"},{"taxonomy":"product_tag","embeddable":true,"href":"https:\/\/theboxbody.art\/index.php\/wp-json\/wp\/v2\/product_tag?post=452"}],"curies":[{"name":"wp","href":"https:\/\/api.w.org\/{rel}","templated":true}]}}