{"id":455,"date":"2020-03-10T19:14:36","date_gmt":"2020-03-10T19:14:36","guid":{"rendered":"https:\/\/theboxbody.art\/?post_type=product&#038;p=455"},"modified":"2021-09-22T16:10:03","modified_gmt":"2021-09-22T16:10:03","slug":"labret","status":"publish","type":"product","link":"https:\/\/theboxbody.art\/index.php\/produit\/labret\/","title":{"rendered":"Labret"},"content":{"rendered":"<p>Le piercing \u00e0 la l\u00e8vre est l&rsquo;un des plus r\u00e9pandu de par le monde. \u00c9l\u00e9gant et discret, il saura sublimer votre sourire au quotidien !<\/p>\n<p>Ce piercing peut \u00eatre r\u00e9alis\u00e9 \u00e0 diff\u00e9rentes localisations autour de la bouche: dans l&rsquo;arc de cupidon, d\u00e9cal\u00e9 en haut ou en bas, ou encore \u00e0 travers la l\u00e8vre inf\u00e9rieure.<\/p>\n","protected":false},"excerpt":{"rendered":"<div class=\"elementor-element elementor-element-8aba0eb elementor-widget elementor-widget-woocommerce-product-short-description\" data-id=\"8aba0eb\" data-element_type=\"widget\" data-widget_type=\"woocommerce-product-short-description.default\">\n<div class=\"elementor-widget-container\">\n<div class=\"woocommerce-product-details__short-description\">\n<p>Nous vous proposons le piercing au labret sans rendez-vous du Lundi au Samedi \u00e0 The Box Fort-de-France ou Trinit\u00e9.<\/p>\n<p>Ce piercing est r\u00e9alis\u00e9 \u00e0 l\u2019aiguille comme l\u2019int\u00e9gralit\u00e9 de nos prestations. Un bijou m\u00e9dical vous sera pos\u00e9 et devra \u00eatre conserv\u00e9 jusqu\u2019au temps de la cicatrisation.<\/p>\n<\/div>\n<\/div>\n<\/div>\n","protected":false},"featured_media":591,"template":"","meta":[],"product_brand":[],"product_cat":[27],"product_tag":[],"class_list":{"0":"post-455","1":"product","2":"type-product","3":"status-publish","4":"has-post-thumbnail","6":"product_cat-piercing","8":"first","9":"instock","10":"shipping-taxable","11":"purchasable","12":"product-type-simple"},"exclude_global_add_ons":false,"addons":[{"name":"Bijoux","type":"checkbox","position":0,"required":false,"title_format":"label","default":"","description_enable":false,"description":"Pour 5\u20ac de plus repartez avec 6 bijoux lors de votre acte de piercing !","placeholder_enable":false,"placeholder":"","display":"select","restrictions_type":"any_text","adjust_price":false,"price":"","price_type":"flat_fee","restrictions":false,"min":"0","max":"0","options":[{"label":"6 bijoux","price":"5","price_type":"flat_fee","image":0}]},{"name":"Option","type":"checkbox","position":0,"required":false,"title_format":"label","default":"","description_enable":false,"description":"Remplacez les billes de votre bijou m\u00e9dical par des billes en titane plaqu\u00e9 or !","placeholder_enable":false,"placeholder":"","display":"select","restrictions_type":"any_text","adjust_price":false,"price":"","price_type":"flat_fee","restrictions":false,"min":"0","max":"0","options":[{"label":"Billes Titane-Or","price":"5","price_type":"flat_fee","image":0}]}],"aioseo_notices":[],"_links":{"self":[{"href":"https:\/\/theboxbody.art\/index.php\/wp-json\/wp\/v2\/product\/455","targetHints":{"allow":["GET"]}}],"collection":[{"href":"https:\/\/theboxbody.art\/index.php\/wp-json\/wp\/v2\/product"}],"about":[{"href":"https:\/\/theboxbody.art\/index.php\/wp-json\/wp\/v2\/types\/product"}],"version-history":[{"count":3,"href":"https:\/\/theboxbody.art\/index.php\/wp-json\/wp\/v2\/product\/455\/revisions"}],"predecessor-version":[{"id":803,"href":"https:\/\/theboxbody.art\/index.php\/wp-json\/wp\/v2\/product\/455\/revisions\/803"}],"wp:featuredmedia":[{"embeddable":true,"href":"https:\/\/theboxbody.art\/index.php\/wp-json\/wp\/v2\/media\/591"}],"wp:attachment":[{"href":"https:\/\/theboxbody.art\/index.php\/wp-json\/wp\/v2\/media?parent=455"}],"wp:term":[{"taxonomy":"product_brand","embeddable":true,"href":"https:\/\/theboxbody.art\/index.php\/wp-json\/wp\/v2\/product_brand?post=455"},{"taxonomy":"product_cat","embeddable":true,"href":"https:\/\/theboxbody.art\/index.php\/wp-json\/wp\/v2\/product_cat?post=455"},{"taxonomy":"product_tag","embeddable":true,"href":"https:\/\/theboxbody.art\/index.php\/wp-json\/wp\/v2\/product_tag?post=455"}],"curies":[{"name":"wp","href":"https:\/\/api.w.org\/{rel}","templated":true}]}}