{"id":473,"date":"2020-03-10T21:11:29","date_gmt":"2020-03-10T21:11:29","guid":{"rendered":"https:\/\/theboxbody.art\/?post_type=product&#038;p=473"},"modified":"2020-04-13T23:07:43","modified_gmt":"2020-04-13T23:07:43","slug":"lobe","status":"publish","type":"product","link":"https:\/\/theboxbody.art\/index.php\/produit\/lobe\/","title":{"rendered":"Lobe"},"content":{"rendered":"<p>Le piercing de lobe est de loin le plus courant. Simple et efficace il permet \u00e0 tous d&rsquo;orner ses oreilles de bijoux en toute circonstance.<\/p>\n","protected":false},"excerpt":{"rendered":"<div class=\"woocommerce-product-details__short-description\">\n<div class=\"woocommerce-product-details__short-description\">\n<p>Nous vous proposons le piercing de Lobe sans rendez-vous du Lundi au Samedi \u00e0 The Box Fort-de-France ou Trinit\u00e9.<\/p>\n<p>Ce piercing est r\u00e9alis\u00e9 \u00e0 l\u2019aiguille comme l\u2019int\u00e9gralit\u00e9 de nos prestations. Un bijou m\u00e9dical vous sera pos\u00e9 et devra \u00eatre conserv\u00e9 jusqu\u2019\u00e0 la fin de la cicatrisation.<\/p>\n<\/div>\n<\/div>\n","protected":false},"featured_media":605,"template":"","meta":[],"product_brand":[],"product_cat":[27],"product_tag":[],"class_list":{"0":"post-473","1":"product","2":"type-product","3":"status-publish","4":"has-post-thumbnail","6":"product_cat-piercing","8":"first","9":"instock","10":"virtual","11":"purchasable","12":"product-type-simple"},"exclude_global_add_ons":false,"addons":[{"name":"Bijoux","type":"checkbox","position":0,"required":false,"title_format":"label","default":"","description_enable":false,"description":"Pour 5\u20ac de plus repartez avec 6 bijoux lors de votre acte de piercing !","placeholder_enable":false,"placeholder":"","display":"select","restrictions_type":"any_text","adjust_price":false,"price":"","price_type":"flat_fee","restrictions":false,"min":"0","max":"0","options":[{"label":"6 bijoux","price":"5","price_type":"flat_fee","image":0}]},{"name":"Option","type":"checkbox","position":0,"required":false,"title_format":"label","default":"","description_enable":false,"description":"Remplacez les billes de votre bijou m\u00e9dical par des billes en titane plaqu\u00e9 or !","placeholder_enable":false,"placeholder":"","display":"select","restrictions_type":"any_text","adjust_price":false,"price":"","price_type":"flat_fee","restrictions":false,"min":"0","max":"0","options":[{"label":"Billes Titane-Or","price":"5","price_type":"flat_fee","image":0}]}],"aioseo_notices":[],"_links":{"self":[{"href":"https:\/\/theboxbody.art\/index.php\/wp-json\/wp\/v2\/product\/473","targetHints":{"allow":["GET"]}}],"collection":[{"href":"https:\/\/theboxbody.art\/index.php\/wp-json\/wp\/v2\/product"}],"about":[{"href":"https:\/\/theboxbody.art\/index.php\/wp-json\/wp\/v2\/types\/product"}],"version-history":[{"count":2,"href":"https:\/\/theboxbody.art\/index.php\/wp-json\/wp\/v2\/product\/473\/revisions"}],"predecessor-version":[{"id":510,"href":"https:\/\/theboxbody.art\/index.php\/wp-json\/wp\/v2\/product\/473\/revisions\/510"}],"wp:featuredmedia":[{"embeddable":true,"href":"https:\/\/theboxbody.art\/index.php\/wp-json\/wp\/v2\/media\/605"}],"wp:attachment":[{"href":"https:\/\/theboxbody.art\/index.php\/wp-json\/wp\/v2\/media?parent=473"}],"wp:term":[{"taxonomy":"product_brand","embeddable":true,"href":"https:\/\/theboxbody.art\/index.php\/wp-json\/wp\/v2\/product_brand?post=473"},{"taxonomy":"product_cat","embeddable":true,"href":"https:\/\/theboxbody.art\/index.php\/wp-json\/wp\/v2\/product_cat?post=473"},{"taxonomy":"product_tag","embeddable":true,"href":"https:\/\/theboxbody.art\/index.php\/wp-json\/wp\/v2\/product_tag?post=473"}],"curies":[{"name":"wp","href":"https:\/\/api.w.org\/{rel}","templated":true}]}}