{"id":677,"date":"2020-04-07T22:10:10","date_gmt":"2020-04-07T22:10:10","guid":{"rendered":"https:\/\/theboxbody.art\/?post_type=product&#038;p=677"},"modified":"2021-09-22T16:16:02","modified_gmt":"2021-09-22T16:16:02","slug":"smiley","status":"publish","type":"product","link":"https:\/\/theboxbody.art\/index.php\/produit\/smiley\/","title":{"rendered":"Smiley"},"content":{"rendered":"<p>Discret et \u00e9l\u00e9gant, le Smiley est un piercing de plus en plus populaire. Situ\u00e9 sur le frein de la l\u00e8vre sup\u00e9rieure, le Smiley est g\u00e9n\u00e9ralement visible lorsque l&rsquo;on sourit ! Ce piercing est le plus souvent vu avec un fer \u00e0 cheval ou un anneau, cependant des barres courb\u00e9es peuvent \u00e9galement \u00eatre utilis\u00e9es.<\/p>\n<p>Le Smiley tout comme le labret pr\u00e9sente un risque de d\u00e9chaussement des dents, cependant si celui-ci est plac\u00e9 assez haut avec un bijou d&rsquo;une taille raisonnable ce risque est bien amoindri. Comme la taille de chaque frein est unique <strong>il est possible que nous ne soyons pas en mesure de r\u00e9aliser ce piercing sur certaines personnes.<\/strong> N&rsquo;h\u00e9sitez pas \u00e0 nous contacter pour de plus amples informations.<\/p>\n","protected":false},"excerpt":{"rendered":"<div class=\"elementor-element elementor-element-616abd6e elementor-widget elementor-widget-woocommerce-product-short-description\" data-id=\"616abd6e\" data-element_type=\"widget\" data-widget_type=\"woocommerce-product-short-description.default\">\n<div class=\"elementor-widget-container\">\n<div class=\"woocommerce-product-details__short-description\">\n<div class=\"elementor-element elementor-element-8aba0eb elementor-widget elementor-widget-woocommerce-product-short-description\" data-id=\"8aba0eb\" data-element_type=\"widget\" data-widget_type=\"woocommerce-product-short-description.default\">\n<div class=\"elementor-widget-container\">\n<div class=\"woocommerce-product-details__short-description\">\n<p>Nous vous proposons le piercing Smiley sans rendez-vous du Lundi au Samedi \u00e0 The Box Fort-de-France ou Trinit\u00e9.<\/p>\n<p>Ce piercing est r\u00e9alis\u00e9 \u00e0 l\u2019aiguille comme l\u2019int\u00e9gralit\u00e9 de nos prestations.<\/p>\n<\/div>\n<\/div>\n<\/div>\n<\/div>\n<\/div>\n<\/div>\n","protected":false},"featured_media":678,"template":"","meta":[],"product_brand":[],"product_cat":[27],"product_tag":[],"class_list":{"0":"post-677","1":"product","2":"type-product","3":"status-publish","4":"has-post-thumbnail","6":"product_cat-piercing","8":"first","9":"instock","10":"downloadable","11":"virtual","12":"purchasable","13":"product-type-simple"},"exclude_global_add_ons":[],"addons":[],"aioseo_notices":[],"_links":{"self":[{"href":"https:\/\/theboxbody.art\/index.php\/wp-json\/wp\/v2\/product\/677","targetHints":{"allow":["GET"]}}],"collection":[{"href":"https:\/\/theboxbody.art\/index.php\/wp-json\/wp\/v2\/product"}],"about":[{"href":"https:\/\/theboxbody.art\/index.php\/wp-json\/wp\/v2\/types\/product"}],"version-history":[{"count":3,"href":"https:\/\/theboxbody.art\/index.php\/wp-json\/wp\/v2\/product\/677\/revisions"}],"predecessor-version":[{"id":816,"href":"https:\/\/theboxbody.art\/index.php\/wp-json\/wp\/v2\/product\/677\/revisions\/816"}],"wp:featuredmedia":[{"embeddable":true,"href":"https:\/\/theboxbody.art\/index.php\/wp-json\/wp\/v2\/media\/678"}],"wp:attachment":[{"href":"https:\/\/theboxbody.art\/index.php\/wp-json\/wp\/v2\/media?parent=677"}],"wp:term":[{"taxonomy":"product_brand","embeddable":true,"href":"https:\/\/theboxbody.art\/index.php\/wp-json\/wp\/v2\/product_brand?post=677"},{"taxonomy":"product_cat","embeddable":true,"href":"https:\/\/theboxbody.art\/index.php\/wp-json\/wp\/v2\/product_cat?post=677"},{"taxonomy":"product_tag","embeddable":true,"href":"https:\/\/theboxbody.art\/index.php\/wp-json\/wp\/v2\/product_tag?post=677"}],"curies":[{"name":"wp","href":"https:\/\/api.w.org\/{rel}","templated":true}]}}