{"id":680,"date":"2020-04-07T22:11:31","date_gmt":"2020-04-07T22:11:31","guid":{"rendered":"https:\/\/theboxbody.art\/?post_type=product&#038;p=680"},"modified":"2021-09-22T16:08:46","modified_gmt":"2021-09-22T16:08:46","slug":"bridge","status":"publish","type":"product","link":"https:\/\/theboxbody.art\/index.php\/produit\/bridge\/","title":{"rendered":"Bridge"},"content":{"rendered":"<p>Le Bridge est un piercing habituellement r\u00e9alis\u00e9 \u00e0 l&rsquo;horizontal juste au dessus du nez, centr\u00e9 entre les sourcils. Il est \u00e9galement fr\u00e9quent de le faire \u00e0 la verticale. Comme le piercing passe dans la fine peau sur l&rsquo;os du nez il est consid\u00e9r\u00e9 comme un piercing de surface.<\/p>\n<p>Une barbell (barre droite) est utilis\u00e9e comme bijou m\u00e9dical cependant une fois la cicatrisation termin\u00e9e il est possible de la remplacer par une barre courb\u00e9e voir un anneau.<\/p>\n","protected":false},"excerpt":{"rendered":"<div class=\"elementor-element elementor-element-616abd6e elementor-widget elementor-widget-woocommerce-product-short-description\" data-id=\"616abd6e\" data-element_type=\"widget\" data-widget_type=\"woocommerce-product-short-description.default\">\n<div class=\"elementor-widget-container\">\n<div class=\"woocommerce-product-details__short-description\">\n<div class=\"elementor-element elementor-element-8aba0eb elementor-widget elementor-widget-woocommerce-product-short-description\" data-id=\"8aba0eb\" data-element_type=\"widget\" data-widget_type=\"woocommerce-product-short-description.default\">\n<div class=\"elementor-widget-container\">\n<div class=\"woocommerce-product-details__short-description\">\n<p>Nous vous proposons le piercing au Bridge sans rendez-vous du Lundi au Samedi \u00e0 The Box Fort-de-France ou Trinit\u00e9.<\/p>\n<p>Ce piercing est r\u00e9alis\u00e9 \u00e0 l\u2019aiguille comme l\u2019int\u00e9gralit\u00e9 de nos prestations.<\/p>\n<\/div>\n<\/div>\n<\/div>\n<\/div>\n<\/div>\n<\/div>\n","protected":false},"featured_media":1562,"template":"","meta":[],"product_brand":[],"product_cat":[27],"product_tag":[],"class_list":{"0":"post-680","1":"product","2":"type-product","3":"status-publish","4":"has-post-thumbnail","6":"product_cat-piercing","8":"first","9":"instock","10":"virtual","11":"purchasable","12":"product-type-simple"},"exclude_global_add_ons":true,"addons":[{"name":"Bijou de pose","type":"checkbox","position":0,"required":false,"title_format":"label","default":"","description_enable":false,"description":"","placeholder_enable":false,"placeholder":"","display":"select","restrictions_type":"any_text","adjust_price":false,"price":"","price_type":"flat_fee","restrictions":false,"min":"0","max":"0","options":[{"label":"Billes Titane-Or","price":"5","price_type":"flat_fee","image":0}]}],"aioseo_notices":[],"_links":{"self":[{"href":"https:\/\/theboxbody.art\/index.php\/wp-json\/wp\/v2\/product\/680","targetHints":{"allow":["GET"]}}],"collection":[{"href":"https:\/\/theboxbody.art\/index.php\/wp-json\/wp\/v2\/product"}],"about":[{"href":"https:\/\/theboxbody.art\/index.php\/wp-json\/wp\/v2\/types\/product"}],"version-history":[{"count":4,"href":"https:\/\/theboxbody.art\/index.php\/wp-json\/wp\/v2\/product\/680\/revisions"}],"predecessor-version":[{"id":811,"href":"https:\/\/theboxbody.art\/index.php\/wp-json\/wp\/v2\/product\/680\/revisions\/811"}],"wp:featuredmedia":[{"embeddable":true,"href":"https:\/\/theboxbody.art\/index.php\/wp-json\/wp\/v2\/media\/1562"}],"wp:attachment":[{"href":"https:\/\/theboxbody.art\/index.php\/wp-json\/wp\/v2\/media?parent=680"}],"wp:term":[{"taxonomy":"product_brand","embeddable":true,"href":"https:\/\/theboxbody.art\/index.php\/wp-json\/wp\/v2\/product_brand?post=680"},{"taxonomy":"product_cat","embeddable":true,"href":"https:\/\/theboxbody.art\/index.php\/wp-json\/wp\/v2\/product_cat?post=680"},{"taxonomy":"product_tag","embeddable":true,"href":"https:\/\/theboxbody.art\/index.php\/wp-json\/wp\/v2\/product_tag?post=680"}],"curies":[{"name":"wp","href":"https:\/\/api.w.org\/{rel}","templated":true}]}}