{"id":682,"date":"2020-04-07T22:12:34","date_gmt":"2020-04-07T22:12:34","guid":{"rendered":"https:\/\/theboxbody.art\/?post_type=product&#038;p=682"},"modified":"2021-09-22T16:18:13","modified_gmt":"2021-09-22T16:18:13","slug":"sublingual","status":"publish","type":"product","link":"https:\/\/theboxbody.art\/index.php\/produit\/sublingual\/","title":{"rendered":"Sublingual"},"content":{"rendered":"<p>Le sublingual est un piercing peu commun qui s&rsquo;effectue \u00e0 travers le frein situ\u00e9 sous la langue. Du fait de son emplacement ce piercing \u00e0 tendance \u00e0 rejeter, cependant il n&rsquo;est pas plus douloureux pour autant et est extr\u00eamement discret !<\/p>\n<p><strong>Le piercing sublingual est d\u00e9licat \u00e0 mettre en place et ne peut \u00eatre r\u00e9alis\u00e9 sur tout un chacun, ainsi n&rsquo;h\u00e9sitez pas \u00e0 nous contacter si vous souhaitez de plus amples informations.<\/strong><\/p>\n","protected":false},"excerpt":{"rendered":"<div class=\"elementor-element elementor-element-616abd6e elementor-widget elementor-widget-woocommerce-product-short-description\" data-id=\"616abd6e\" data-element_type=\"widget\" data-widget_type=\"woocommerce-product-short-description.default\">\n<div class=\"elementor-widget-container\">\n<div class=\"woocommerce-product-details__short-description\">\n<div class=\"elementor-element elementor-element-8aba0eb elementor-widget elementor-widget-woocommerce-product-short-description\" data-id=\"8aba0eb\" data-element_type=\"widget\" data-widget_type=\"woocommerce-product-short-description.default\">\n<div class=\"elementor-widget-container\">\n<div class=\"woocommerce-product-details__short-description\">\n<p>Nous vous proposons le piercing sublingual sans rendez-vous du Lundi au Samedi \u00e0 The Box Fort-de-France ou Trinit\u00e9.<\/p>\n<p>Ce piercing est r\u00e9alis\u00e9 \u00e0 l\u2019aiguille comme l\u2019int\u00e9gralit\u00e9 de nos prestations.<\/p>\n<\/div>\n<\/div>\n<\/div>\n<\/div>\n<\/div>\n<\/div>\n","protected":false},"featured_media":707,"template":"","meta":[],"product_brand":[],"product_cat":[27],"product_tag":[],"class_list":{"0":"post-682","1":"product","2":"type-product","3":"status-publish","4":"has-post-thumbnail","6":"product_cat-piercing","8":"first","9":"instock","10":"virtual","11":"purchasable","12":"product-type-simple"},"exclude_global_add_ons":[],"addons":[],"aioseo_notices":[],"_links":{"self":[{"href":"https:\/\/theboxbody.art\/index.php\/wp-json\/wp\/v2\/product\/682","targetHints":{"allow":["GET"]}}],"collection":[{"href":"https:\/\/theboxbody.art\/index.php\/wp-json\/wp\/v2\/product"}],"about":[{"href":"https:\/\/theboxbody.art\/index.php\/wp-json\/wp\/v2\/types\/product"}],"version-history":[{"count":4,"href":"https:\/\/theboxbody.art\/index.php\/wp-json\/wp\/v2\/product\/682\/revisions"}],"predecessor-version":[{"id":2228,"href":"https:\/\/theboxbody.art\/index.php\/wp-json\/wp\/v2\/product\/682\/revisions\/2228"}],"wp:featuredmedia":[{"embeddable":true,"href":"https:\/\/theboxbody.art\/index.php\/wp-json\/wp\/v2\/media\/707"}],"wp:attachment":[{"href":"https:\/\/theboxbody.art\/index.php\/wp-json\/wp\/v2\/media?parent=682"}],"wp:term":[{"taxonomy":"product_brand","embeddable":true,"href":"https:\/\/theboxbody.art\/index.php\/wp-json\/wp\/v2\/product_brand?post=682"},{"taxonomy":"product_cat","embeddable":true,"href":"https:\/\/theboxbody.art\/index.php\/wp-json\/wp\/v2\/product_cat?post=682"},{"taxonomy":"product_tag","embeddable":true,"href":"https:\/\/theboxbody.art\/index.php\/wp-json\/wp\/v2\/product_tag?post=682"}],"curies":[{"name":"wp","href":"https:\/\/api.w.org\/{rel}","templated":true}]}}