{"id":912,"date":"2020-04-15T20:32:57","date_gmt":"2020-04-15T20:32:57","guid":{"rendered":"https:\/\/theboxbody.art\/?post_type=product&#038;p=912"},"modified":"2024-01-31T00:38:40","modified_gmt":"2024-01-31T00:38:40","slug":"labret-plaque-or","status":"publish","type":"product","link":"https:\/\/theboxbody.art\/index.php\/produit\/labret-plaque-or\/","title":{"rendered":"Labret Plaqu\u00e9 Or"},"content":{"rendered":"","protected":false},"excerpt":{"rendered":"<p>Classique et intemporel, le bijou de labret en plaqu\u00e9 or saura vous accompagner chaque jour pour illuminer votre sourire. Ce bijou est disponible en diff\u00e9rentes longueurs ainsi qu&rsquo;avec des billes \u00e0 tailles variables.<\/p>\n","protected":false},"featured_media":568,"template":"","meta":[],"product_brand":[],"product_cat":[53,44],"product_tag":[],"class_list":{"0":"post-912","1":"product","2":"type-product","3":"status-publish","4":"has-post-thumbnail","6":"product_cat-bijoux-de-labret","7":"product_cat-bijoux-de-piercing","9":"first","10":"instock","11":"shipping-taxable","12":"purchasable","13":"product-type-simple"},"exclude_global_add_ons":[],"addons":[],"aioseo_notices":[],"_links":{"self":[{"href":"https:\/\/theboxbody.art\/index.php\/wp-json\/wp\/v2\/product\/912","targetHints":{"allow":["GET"]}}],"collection":[{"href":"https:\/\/theboxbody.art\/index.php\/wp-json\/wp\/v2\/product"}],"about":[{"href":"https:\/\/theboxbody.art\/index.php\/wp-json\/wp\/v2\/types\/product"}],"version-history":[{"count":2,"href":"https:\/\/theboxbody.art\/index.php\/wp-json\/wp\/v2\/product\/912\/revisions"}],"predecessor-version":[{"id":988,"href":"https:\/\/theboxbody.art\/index.php\/wp-json\/wp\/v2\/product\/912\/revisions\/988"}],"wp:featuredmedia":[{"embeddable":true,"href":"https:\/\/theboxbody.art\/index.php\/wp-json\/wp\/v2\/media\/568"}],"wp:attachment":[{"href":"https:\/\/theboxbody.art\/index.php\/wp-json\/wp\/v2\/media?parent=912"}],"wp:term":[{"taxonomy":"product_brand","embeddable":true,"href":"https:\/\/theboxbody.art\/index.php\/wp-json\/wp\/v2\/product_brand?post=912"},{"taxonomy":"product_cat","embeddable":true,"href":"https:\/\/theboxbody.art\/index.php\/wp-json\/wp\/v2\/product_cat?post=912"},{"taxonomy":"product_tag","embeddable":true,"href":"https:\/\/theboxbody.art\/index.php\/wp-json\/wp\/v2\/product_tag?post=912"}],"curies":[{"name":"wp","href":"https:\/\/api.w.org\/{rel}","templated":true}]}}