{"id":93,"date":"2019-06-10T19:14:43","date_gmt":"2019-06-10T19:14:43","guid":{"rendered":"https:\/\/theboxbody.art\/?post_type=product&#038;p=93"},"modified":"2024-02-06T01:48:18","modified_gmt":"2024-02-06T01:48:18","slug":"hair-wax","status":"publish","type":"product","link":"https:\/\/theboxbody.art\/index.php\/produit\/hair-wax\/","title":{"rendered":"Hair Wax"},"content":{"rendered":"<p>La Hair Wax color\u00e9e est un produit capillaire pour les personnes qui aiment se teindre les cheveux avec des couleurs diff\u00e9rentes mais ne veulent pas les dess\u00e9cher \u00e0 long terme. Elle est facile \u00e0 laver, non collante et n&rsquo;endommage pas les cheveux.<\/p>\n<p>Elle convient \u00e0 tout type de cheveux et est \u00e0 base d&rsquo;ingr\u00e9dients naturels.<\/p>\n<p>Disponible en plusieurs couleurs: rouge, vert, bleu, argent et or !<\/p>\n<p><span class=\"a-list-item\"><strong><span class=\"a-text-bold\">D\u00e9tails:<\/span><\/strong><\/span><\/p>\n<ul>\n<li><strong>Ingr\u00e9dients<\/strong>: eau, cire d&rsquo;abeille, cire de Carnauba, alcool c\u00e9tylarylique, extrait de R\u00e9glisse, extrait de th\u00e9 (camellia sinensis), acide st\u00e9arique, copolym\u00e8re d&rsquo;acrylate de propionate PVP \/ VA, dioxyde de titane<\/li>\n<li><strong>Poids<\/strong>: 120g<\/li>\n<\/ul>\n","protected":false},"excerpt":{"rendered":"<p>La Hair Wax color\u00e9e est un produit capillaire pour les personnes qui aiment se teindre les cheveux avec des couleurs diff\u00e9rentes mais ne veulent pas les dess\u00e9cher \u00e0 long terme. Elle est facile \u00e0 laver, non collante et n&rsquo;endommage pas les cheveux.<\/p>\n<p>Elle convient \u00e0 tout type de cheveux et est \u00e0 base d&rsquo;ingr\u00e9dients naturels.<\/p>\n<p>Disponible en plusieurs couleurs: rouge, vert, bleu, argent et or !<\/p>\n<ul>\n<li>Laver vos cheveux et les garder <b>l\u00e9g\u00e8rement mouill\u00e9s<\/b><\/li>\n<li>Appliquer la quantit\u00e9 de cire d\u00e9sir\u00e9e dans le creux de votre main et masser.<\/li>\n<li>Appliquer la cire sur les m\u00e8ches ou sur toute la chevelure<\/li>\n<li>S\u00e9cher au diffuseur ou \u00e0 l&rsquo;air libre puis avec la brosse en fonction de l&rsquo;effet d\u00e9sir\u00e9<\/li>\n<li>Profitez !<\/li>\n<\/ul>\n<p>&nbsp;<\/p>\n","protected":false},"featured_media":918,"template":"","meta":[],"product_brand":[],"product_cat":[21],"product_tag":[],"class_list":{"0":"post-93","1":"product","2":"type-product","3":"status-publish","4":"has-post-thumbnail","6":"product_cat-top-ventes","8":"first","9":"instock","10":"sale","11":"shipping-taxable","12":"purchasable","13":"product-type-variable"},"exclude_global_add_ons":[],"addons":[],"aioseo_notices":[],"_links":{"self":[{"href":"https:\/\/theboxbody.art\/index.php\/wp-json\/wp\/v2\/product\/93","targetHints":{"allow":["GET"]}}],"collection":[{"href":"https:\/\/theboxbody.art\/index.php\/wp-json\/wp\/v2\/product"}],"about":[{"href":"https:\/\/theboxbody.art\/index.php\/wp-json\/wp\/v2\/types\/product"}],"version-history":[{"count":6,"href":"https:\/\/theboxbody.art\/index.php\/wp-json\/wp\/v2\/product\/93\/revisions"}],"predecessor-version":[{"id":1113,"href":"https:\/\/theboxbody.art\/index.php\/wp-json\/wp\/v2\/product\/93\/revisions\/1113"}],"wp:featuredmedia":[{"embeddable":true,"href":"https:\/\/theboxbody.art\/index.php\/wp-json\/wp\/v2\/media\/918"}],"wp:attachment":[{"href":"https:\/\/theboxbody.art\/index.php\/wp-json\/wp\/v2\/media?parent=93"}],"wp:term":[{"taxonomy":"product_brand","embeddable":true,"href":"https:\/\/theboxbody.art\/index.php\/wp-json\/wp\/v2\/product_brand?post=93"},{"taxonomy":"product_cat","embeddable":true,"href":"https:\/\/theboxbody.art\/index.php\/wp-json\/wp\/v2\/product_cat?post=93"},{"taxonomy":"product_tag","embeddable":true,"href":"https:\/\/theboxbody.art\/index.php\/wp-json\/wp\/v2\/product_tag?post=93"}],"curies":[{"name":"wp","href":"https:\/\/api.w.org\/{rel}","templated":true}]}}