{"id":944,"date":"2020-04-16T15:23:55","date_gmt":"2020-04-16T15:23:55","guid":{"rendered":"https:\/\/theboxbody.art\/?post_type=product&#038;p=944"},"modified":"2020-05-12T23:15:32","modified_gmt":"2020-05-12T23:15:32","slug":"labret-titane-noir","status":"publish","type":"product","link":"https:\/\/theboxbody.art\/index.php\/produit\/labret-titane-noir\/","title":{"rendered":"Labret Titane noir"},"content":{"rendered":"","protected":false},"excerpt":{"rendered":"<p>Classique et discret, ce bijou en titane anodis\u00e9 noir saura \u00eatre un incontournable de votre collection.<\/p>\n<p>Initialement con\u00e7u pour le labret, ce bijou est \u00e9galement compatible avec le lobe, l&rsquo;h\u00e9lix, le tragus etc.<\/p>\n","protected":false},"featured_media":945,"template":"","meta":[],"product_brand":[],"product_cat":[53,44],"product_tag":[],"class_list":{"0":"post-944","1":"product","2":"type-product","3":"status-publish","4":"has-post-thumbnail","6":"product_cat-bijoux-de-labret","7":"product_cat-bijoux-de-piercing","9":"first","10":"instock","11":"shipping-taxable","12":"purchasable","13":"product-type-simple"},"exclude_global_add_ons":[],"addons":[],"aioseo_notices":[],"_links":{"self":[{"href":"https:\/\/theboxbody.art\/index.php\/wp-json\/wp\/v2\/product\/944","targetHints":{"allow":["GET"]}}],"collection":[{"href":"https:\/\/theboxbody.art\/index.php\/wp-json\/wp\/v2\/product"}],"about":[{"href":"https:\/\/theboxbody.art\/index.php\/wp-json\/wp\/v2\/types\/product"}],"version-history":[{"count":7,"href":"https:\/\/theboxbody.art\/index.php\/wp-json\/wp\/v2\/product\/944\/revisions"}],"predecessor-version":[{"id":1091,"href":"https:\/\/theboxbody.art\/index.php\/wp-json\/wp\/v2\/product\/944\/revisions\/1091"}],"wp:featuredmedia":[{"embeddable":true,"href":"https:\/\/theboxbody.art\/index.php\/wp-json\/wp\/v2\/media\/945"}],"wp:attachment":[{"href":"https:\/\/theboxbody.art\/index.php\/wp-json\/wp\/v2\/media?parent=944"}],"wp:term":[{"taxonomy":"product_brand","embeddable":true,"href":"https:\/\/theboxbody.art\/index.php\/wp-json\/wp\/v2\/product_brand?post=944"},{"taxonomy":"product_cat","embeddable":true,"href":"https:\/\/theboxbody.art\/index.php\/wp-json\/wp\/v2\/product_cat?post=944"},{"taxonomy":"product_tag","embeddable":true,"href":"https:\/\/theboxbody.art\/index.php\/wp-json\/wp\/v2\/product_tag?post=944"}],"curies":[{"name":"wp","href":"https:\/\/api.w.org\/{rel}","templated":true}]}}